{"id":649,"date":"2024-02-19T22:36:44","date_gmt":"2024-02-19T21:36:44","guid":{"rendered":"https:\/\/przestrzendlaedukacji.org\/?page_id=649"},"modified":"2025-09-05T18:20:12","modified_gmt":"2025-09-05T16:20:12","slug":"projekty","status":"publish","type":"page","link":"https:\/\/przestrzendlaedukacji.org\/index.php\/projekty\/","title":{"rendered":"Projekty"},"content":{"rendered":"\t\t<div data-elementor-type=\"wp-page\" data-elementor-id=\"649\" class=\"elementor elementor-649\">\n\t\t\t\t<div class=\"elementor-element elementor-element-5bcee15 e-con-full she-header-yes e-flex wpr-particle-no wpr-jarallax-no wpr-parallax-no e-con e-parent\" data-id=\"5bcee15\" data-element_type=\"container\" data-settings=\"{&quot;transparent&quot;:&quot;yes&quot;,&quot;scroll_distance&quot;:{&quot;unit&quot;:&quot;px&quot;,&quot;size&quot;:0,&quot;sizes&quot;:[]},&quot;transparent_on&quot;:[&quot;desktop&quot;,&quot;tablet&quot;,&quot;mobile&quot;],&quot;scroll_distance_tablet&quot;:{&quot;unit&quot;:&quot;px&quot;,&quot;size&quot;:&quot;&quot;,&quot;sizes&quot;:[]},&quot;scroll_distance_mobile&quot;:{&quot;unit&quot;:&quot;px&quot;,&quot;size&quot;:&quot;&quot;,&quot;sizes&quot;:[]}}\" data-core-v316-plus=\"true\">\n\t\t\t\t<div class=\"elementor-element elementor-element-49e307b elementor-widget elementor-widget-shortcode\" data-id=\"49e307b\" data-element_type=\"widget\" data-widget_type=\"shortcode.default\">\n\t\t\t\t<div class=\"elementor-widget-container\">\n\t\t\t\t\t<div class=\"elementor-shortcode\">\t\t<div data-elementor-type=\"wp-post\" data-elementor-id=\"313\" class=\"elementor elementor-313\">\n\t\t\t\t<div data-wpr-sticky-section=\"yes\" data-wpr-position-type=\"sticky\" data-wpr-position-offset=\"0\" data-wpr-position-location=\"top\" data-wpr-sticky-devices=\"desktop_sticky\" data-wpr-custom-breakpoints=\"default\" data-wpr-active-breakpoints=\"mobile_sticky tablet_sticky desktop_sticky\" data-wpr-z-index=\"\" data-wpr-sticky-hide=\"\" data-wpr-replace-header=\"\" data-wpr-animation-duration=\"\" data-wpr-sticky-type=\"sticky\" class=\"elementor-element elementor-element-59be014 wpr-sticky-section-yes she-header-yes e-flex e-con-boxed wpr-particle-no wpr-jarallax-no wpr-parallax-no e-con e-parent\" data-id=\"59be014\" data-element_type=\"container\" data-settings=\"{&quot;background_background&quot;:&quot;classic&quot;,&quot;transparent&quot;:&quot;yes&quot;,&quot;scroll_distance&quot;:{&quot;unit&quot;:&quot;px&quot;,&quot;size&quot;:0,&quot;sizes&quot;:[]},&quot;position_offset&quot;:0,&quot;position_offset_tablet&quot;:0,&quot;position_offset_mobile&quot;:0,&quot;transparent_on&quot;:[&quot;desktop&quot;,&quot;tablet&quot;,&quot;mobile&quot;],&quot;scroll_distance_tablet&quot;:{&quot;unit&quot;:&quot;px&quot;,&quot;size&quot;:&quot;&quot;,&quot;sizes&quot;:[]},&quot;scroll_distance_mobile&quot;:{&quot;unit&quot;:&quot;px&quot;,&quot;size&quot;:&quot;&quot;,&quot;sizes&quot;:[]}}\" data-core-v316-plus=\"true\">\n\t\t\t\t\t<div class=\"e-con-inner\">\n\t\t\t\t<div class=\"elementor-element elementor-element-a562a30 elementor-widget elementor-widget-image\" data-id=\"a562a30\" data-element_type=\"widget\" data-widget_type=\"image.default\">\n\t\t\t\t<div class=\"elementor-widget-container\">\n\t\t\t<style>\/*! elementor - v3.20.0 - 10-04-2024 *\/\n.elementor-widget-image{text-align:center}.elementor-widget-image a{display:inline-block}.elementor-widget-image a img[src$=\".svg\"]{width:48px}.elementor-widget-image img{vertical-align:middle;display:inline-block}<\/style>\t\t\t\t\t\t\t\t\t\t\t<a href=\"https:\/\/przestrzendlaedukacji.org\/\">\n\t\t\t\t\t\t\t<img decoding=\"async\" src=\"https:\/\/przestrzendlaedukacji.org\/wp-content\/uploads\/2024\/02\/pde.jpg\" title=\"\" alt=\"\" loading=\"lazy\" \/>\t\t\t\t\t\t\t\t<\/a>\n\t\t\t\t\t\t\t\t\t\t\t\t\t<\/div>\n\t\t\t\t<\/div>\n\t\t\t\t<div class=\"elementor-element elementor-element-6febed6 elementor-widget elementor-widget-ekit-nav-menu\" data-id=\"6febed6\" data-element_type=\"widget\" data-widget_type=\"ekit-nav-menu.default\">\n\t\t\t\t<div class=\"elementor-widget-container\">\n\t\t\t<div class=\"ekit-wid-con ekit_menu_responsive_mobile\" data-hamburger-icon=\"\" data-hamburger-icon-type=\"icon\" data-responsive-breakpoint=\"767\">            <button class=\"elementskit-menu-hamburger elementskit-menu-toggler\"  type=\"button\" aria-label=\"hamburger-icon\">\n                                    <span class=\"elementskit-menu-hamburger-icon\"><\/span><span class=\"elementskit-menu-hamburger-icon\"><\/span><span class=\"elementskit-menu-hamburger-icon\"><\/span>\n                            <\/button>\n            <div id=\"ekit-megamenu-menu\" class=\"elementskit-menu-container elementskit-menu-offcanvas-elements elementskit-navbar-nav-default ekit-nav-menu-one-page-no ekit-nav-dropdown-hover\"><ul id=\"menu-menu\" class=\"elementskit-navbar-nav elementskit-menu-po-center submenu-click-on-icon\"><li id=\"menu-item-578\" class=\"menu-item menu-item-type-post_type menu-item-object-page menu-item-has-children menu-item-578 nav-item elementskit-dropdown-has relative_position elementskit-dropdown-menu-default_width elementskit-mobile-builder-content\" data-vertical-menu=750px><a href=\"https:\/\/przestrzendlaedukacji.org\/index.php\/o-fundacji\/\" class=\"ekit-menu-nav-link ekit-menu-dropdown-toggle\">O nas<i aria-hidden=\"true\" class=\"icon icon-arrow-point-to-down elementskit-submenu-indicator\"><\/i><\/a>\n<ul class=\"elementskit-dropdown elementskit-submenu-panel\">\n\t<li id=\"menu-item-601\" class=\"menu-item menu-item-type-custom menu-item-object-custom menu-item-601 nav-item elementskit-mobile-builder-content\" data-vertical-menu=750px><a href=\"https:\/\/przestrzendlaedukacji.org\/index.php\/o-fundacji\/#eksperci1\" class=\" dropdown-item\">Eksperci i ekspertki<\/a><\/ul>\n<\/li>\n<li id=\"menu-item-637\" class=\"menu-item menu-item-type-post_type menu-item-object-page menu-item-has-children menu-item-637 nav-item elementskit-dropdown-has relative_position elementskit-dropdown-menu-default_width elementskit-mobile-builder-content\" data-vertical-menu=750px><a href=\"https:\/\/przestrzendlaedukacji.org\/index.php\/dzialania\/\" class=\"ekit-menu-nav-link ekit-menu-dropdown-toggle\">Dzia\u0142ania<i aria-hidden=\"true\" class=\"icon icon-arrow-point-to-down elementskit-submenu-indicator\"><\/i><\/a>\n<ul class=\"elementskit-dropdown elementskit-submenu-panel\">\n\t<li id=\"menu-item-641\" class=\"menu-item menu-item-type-custom menu-item-object-custom menu-item-641 nav-item elementskit-mobile-builder-content\" data-vertical-menu=750px><a href=\"https:\/\/przestrzendlaedukacji.org\/index.php\/dzialania\/#opinie1\" class=\" dropdown-item\">Analizy<\/a><\/ul>\n<\/li>\n<li id=\"menu-item-654\" class=\"menu-item menu-item-type-post_type menu-item-object-page menu-item-has-children menu-item-654 nav-item elementskit-dropdown-has relative_position elementskit-dropdown-menu-default_width elementskit-mobile-builder-content\" data-vertical-menu=750px><a href=\"https:\/\/przestrzendlaedukacji.org\/index.php\/projekty\/\" class=\"ekit-menu-nav-link ekit-menu-dropdown-toggle\">Projekty<i aria-hidden=\"true\" class=\"icon icon-arrow-point-to-down elementskit-submenu-indicator\"><\/i><\/a>\n<ul class=\"elementskit-dropdown elementskit-submenu-panel\">\n\t<li id=\"menu-item-656\" class=\"menu-item menu-item-type-custom menu-item-object-custom menu-item-656 nav-item elementskit-mobile-builder-content\" data-vertical-menu=750px><a href=\"https:\/\/przestrzendlaedukacji.org\/index.php\/projekty\/#szkoladebaty1\" class=\" dropdown-item\">Szko\u0142a debaty<\/a>\t<li id=\"menu-item-657\" class=\"menu-item menu-item-type-custom menu-item-object-custom menu-item-657 nav-item elementskit-mobile-builder-content\" data-vertical-menu=750px><a href=\"https:\/\/przestrzendlaedukacji.org\/index.php\/projekty\/#konsultacje1\" class=\" dropdown-item\">Obywatelskie konsultacje<\/a><\/ul>\n<\/li>\n<li id=\"menu-item-648\" class=\"menu-item menu-item-type-post_type menu-item-object-page menu-item-648 nav-item elementskit-mobile-builder-content\" data-vertical-menu=750px><a href=\"https:\/\/przestrzendlaedukacji.org\/index.php\/kontakt\/\" class=\"ekit-menu-nav-link\">Kontakt<\/a><\/li>\n<li id=\"menu-item-647\" class=\"menu-item menu-item-type-post_type menu-item-object-page menu-item-647 nav-item elementskit-mobile-builder-content\" data-vertical-menu=750px><a href=\"https:\/\/przestrzendlaedukacji.org\/index.php\/wspieraj\/\" class=\"ekit-menu-nav-link\">Wspieraj<\/a><\/li>\n<\/ul><div class=\"elementskit-nav-identity-panel\">\n\t\t\t\t<div class=\"elementskit-site-title\">\n\t\t\t\t\t<a class=\"elementskit-nav-logo\" href=\"https:\/\/przestrzendlaedukacji.org\" target=\"_self\" rel=\"\">\n\t\t\t\t\t\t<img decoding=\"async\" src=\"\" title=\"\" alt=\"\" \/>\n\t\t\t\t\t<\/a> \n\t\t\t\t<\/div><button class=\"elementskit-menu-close elementskit-menu-toggler\" type=\"button\">X<\/button><\/div><\/div>\t\t\t\n\t\t\t<div class=\"elementskit-menu-overlay elementskit-menu-offcanvas-elements elementskit-menu-toggler ekit-nav-menu--overlay\"><\/div><\/div>\t\t<\/div>\n\t\t\t\t<\/div>\n\t\t\t\t\t<\/div>\n\t\t\t\t<\/div>\n\t\t\t\t<\/div>\n\t\t<\/div>\n\t\t\t\t<\/div>\n\t\t\t\t<\/div>\n\t\t\t\t<\/div>\n\t\t<div class=\"elementor-element elementor-element-d26cf3e e-flex e-con-boxed wpr-particle-no wpr-jarallax-no wpr-parallax-no wpr-sticky-section-no e-con e-parent\" data-id=\"d26cf3e\" data-element_type=\"container\" data-settings=\"{&quot;_ha_eqh_enable&quot;:false}\" data-core-v316-plus=\"true\">\n\t\t\t\t\t<div class=\"e-con-inner\">\n\t\t<div class=\"elementor-element elementor-element-88f31bd e-flex e-con-boxed wpr-particle-no wpr-jarallax-no wpr-parallax-no wpr-sticky-section-no e-con e-child\" data-id=\"88f31bd\" data-element_type=\"container\" data-settings=\"{&quot;_ha_eqh_enable&quot;:false}\">\n\t\t\t\t\t<div class=\"e-con-inner\">\n\t\t\t\t<div class=\"elementor-element elementor-element-a093694 elementor-widget elementor-widget-text-editor\" data-id=\"a093694\" data-element_type=\"widget\" data-widget_type=\"text-editor.default\">\n\t\t\t\t<div class=\"elementor-widget-container\">\n\t\t\t<style>\/*! elementor - v3.20.0 - 10-04-2024 *\/\n.elementor-widget-text-editor.elementor-drop-cap-view-stacked .elementor-drop-cap{background-color:#69727d;color:#fff}.elementor-widget-text-editor.elementor-drop-cap-view-framed .elementor-drop-cap{color:#69727d;border:3px solid;background-color:transparent}.elementor-widget-text-editor:not(.elementor-drop-cap-view-default) .elementor-drop-cap{margin-top:8px}.elementor-widget-text-editor:not(.elementor-drop-cap-view-default) .elementor-drop-cap-letter{width:1em;height:1em}.elementor-widget-text-editor .elementor-drop-cap{float:left;text-align:center;line-height:1;font-size:50px}.elementor-widget-text-editor .elementor-drop-cap-letter{display:inline-block}<\/style>\t\t\t\t<p><span style=\"font-size: 36pt; font-family: Georgia, Palatino;\">Projekty<\/span><\/p>\t\t\t\t\t\t<\/div>\n\t\t\t\t<\/div>\n\t\t\t\t\t<\/div>\n\t\t\t\t<\/div>\n\t\t<div class=\"elementor-element elementor-element-9f2a9f2 e-flex e-con-boxed wpr-particle-no wpr-jarallax-no wpr-parallax-no wpr-sticky-section-no e-con e-child\" data-id=\"9f2a9f2\" data-element_type=\"container\" data-settings=\"{&quot;_ha_eqh_enable&quot;:false}\">\n\t\t\t\t\t<div class=\"e-con-inner\">\n\t\t\t\t<div class=\"elementor-element elementor-element-71b44a2 elementor-widget elementor-widget-menu-anchor\" data-id=\"71b44a2\" data-element_type=\"widget\" data-widget_type=\"menu-anchor.default\">\n\t\t\t\t<div class=\"elementor-widget-container\">\n\t\t\t<style>\/*! elementor - v3.20.0 - 10-04-2024 *\/\nbody.elementor-page .elementor-widget-menu-anchor{margin-bottom:0}<\/style>\t\t<div id=\"szkoladebaty1\" class=\"elementor-menu-anchor\"><\/div>\n\t\t\t\t<\/div>\n\t\t\t\t<\/div>\n\t\t\t\t<div class=\"elementor-element elementor-element-158a730 elementor-widget elementor-widget-text-editor\" data-id=\"158a730\" data-element_type=\"widget\" data-widget_type=\"text-editor.default\">\n\t\t\t\t<div class=\"elementor-widget-container\">\n\t\t\t\t\t\t\t<p><strong><span style=\"font-size: 18pt;\">Szko\u0142a debaty &#8211; Plan dla edukacji<\/span><\/strong><\/p>\t\t\t\t\t\t<\/div>\n\t\t\t\t<\/div>\n\t\t\t\t<div class=\"elementor-element elementor-element-0952a99 elementor-widget elementor-widget-image\" data-id=\"0952a99\" data-element_type=\"widget\" data-widget_type=\"image.default\">\n\t\t\t\t<div class=\"elementor-widget-container\">\n\t\t\t\t\t\t\t\t\t\t\t\t\t<img fetchpriority=\"high\" decoding=\"async\" width=\"960\" height=\"640\" src=\"https:\/\/przestrzendlaedukacji.org\/wp-content\/uploads\/2024\/04\/plan-dla-edukacji.webp\" class=\"attachment-large size-large wp-image-1300\" alt=\"\" srcset=\"https:\/\/przestrzendlaedukacji.org\/wp-content\/uploads\/2024\/04\/plan-dla-edukacji.webp 960w, https:\/\/przestrzendlaedukacji.org\/wp-content\/uploads\/2024\/04\/plan-dla-edukacji-300x200.webp 300w, https:\/\/przestrzendlaedukacji.org\/wp-content\/uploads\/2024\/04\/plan-dla-edukacji-768x512.webp 768w\" sizes=\"(max-width: 960px) 100vw, 960px\" \/>\t\t\t\t\t\t\t\t\t\t\t\t\t<\/div>\n\t\t\t\t<\/div>\n\t\t\t\t<div class=\"elementor-element elementor-element-69c8054 elementor-widget elementor-widget-text-editor\" data-id=\"69c8054\" data-element_type=\"widget\" data-widget_type=\"text-editor.default\">\n\t\t\t\t<div class=\"elementor-widget-container\">\n\t\t\t\t\t\t\t<p>Czy o zmianach w edukacji powinno si\u0119 decydowa\u0107 odg\u00f3rnie, czy w porozumieniu z odbiorcami dzia\u0142a\u0144 edukacyjnych? Czy istnieje jedna recepta na rozwi\u0105zanie problem\u00f3w polskiej szko\u0142y, czy raczej \u2013\u00a0 pomys\u0142\u00f3w jest wiele a ka\u017cdy z nich jest wart uwagi, dyskusji i rozwa\u017cenia? To pytania kluczowe \u201ePlanu dla edukacji\u201d.<\/p><p>RAPORT<\/p>\t\t\t\t\t\t<\/div>\n\t\t\t\t<\/div>\n\t\t\t\t<div class=\"elementor-element elementor-element-1f05622 elementor-widget elementor-widget-menu-anchor\" data-id=\"1f05622\" data-element_type=\"widget\" data-widget_type=\"menu-anchor.default\">\n\t\t\t\t<div class=\"elementor-widget-container\">\n\t\t\t\t\t<div id=\"konsultacje1\" class=\"elementor-menu-anchor\"><\/div>\n\t\t\t\t<\/div>\n\t\t\t\t<\/div>\n\t\t\t\t<div class=\"elementor-element elementor-element-7c099fb elementor-widget elementor-widget-text-editor\" data-id=\"7c099fb\" data-element_type=\"widget\" data-widget_type=\"text-editor.default\">\n\t\t\t\t<div class=\"elementor-widget-container\">\n\t\t\t\t\t\t\t<p><strong><span style=\"font-size: 18pt;\">Obywatelskie konsultacje ustawy likwiduj\u0105cej gimnazja<\/span><\/strong><\/p>\t\t\t\t\t\t<\/div>\n\t\t\t\t<\/div>\n\t\t\t\t<div class=\"elementor-element elementor-element-dd855a7 elementor-widget elementor-widget-text-editor\" data-id=\"dd855a7\" data-element_type=\"widget\" data-widget_type=\"text-editor.default\">\n\t\t\t\t<div class=\"elementor-widget-container\">\n\t\t\t\t\t\t\t<p>Ca\u0142o\u015b\u0107 procesu \u015bledzili\u015bmy od momentu zapowiedzi zmiany do etapu jej og\u0142oszenia i wdro\u017cenia. Uczestniczyli\u015bmy w pracach sejmowych i senackich komisji, wyst\u0119powali\u015bmy z oficjalnymi wyst\u0105pieniami, kierowanymi do ministerstwa, formu\u0142owali\u015bmy zalecenia \u2013 zar\u00f3wno w kwestii jako\u015bci merytorycznej zmian, jak r\u00f3wnie\u017c procedury ich stanowienia, opiniowali\u015bmy projektu zmiany prawa.<\/p><p><span style=\"font-size: 18.6667px;\">RAPORT<\/span><\/p>\t\t\t\t\t\t<\/div>\n\t\t\t\t<\/div>\n\t\t\t\t\t<\/div>\n\t\t\t\t<\/div>\n\t\t\t\t\t<\/div>\n\t\t\t\t<\/div>\n\t\t<div class=\"elementor-element elementor-element-efe3646 e-flex e-con-boxed wpr-particle-no wpr-jarallax-no wpr-parallax-no wpr-sticky-section-no e-con e-parent\" data-id=\"efe3646\" data-element_type=\"container\" data-settings=\"{&quot;_ha_eqh_enable&quot;:false}\" data-core-v316-plus=\"true\">\n\t\t\t\t\t<div class=\"e-con-inner\">\n\t\t\t\t\t<\/div>\n\t\t\t\t<\/div>\n\t\t<div class=\"elementor-element elementor-element-d893d4d e-flex e-con-boxed wpr-particle-no wpr-jarallax-no wpr-parallax-no wpr-sticky-section-no e-con e-parent\" data-id=\"d893d4d\" data-element_type=\"container\" data-settings=\"{&quot;_ha_eqh_enable&quot;:false}\" data-core-v316-plus=\"true\">\n\t\t\t\t\t<div class=\"e-con-inner\">\n\t\t\t\t<div class=\"elementor-element elementor-element-c797cc2 elementor-widget-tablet__width-initial elementor-widget elementor-widget-shortcode\" data-id=\"c797cc2\" data-element_type=\"widget\" data-widget_type=\"shortcode.default\">\n\t\t\t\t<div class=\"elementor-widget-container\">\n\t\t\t\t\t<div class=\"elementor-shortcode\">\t\t<div data-elementor-type=\"wp-post\" data-elementor-id=\"782\" class=\"elementor elementor-782\">\n\t\t\t\t<div class=\"elementor-element elementor-element-59be014 e-con-full e-flex wpr-particle-no wpr-jarallax-no wpr-parallax-no e-con e-parent\" data-id=\"59be014\" data-element_type=\"container\" data-settings=\"{&quot;background_background&quot;:&quot;classic&quot;}\" data-core-v316-plus=\"true\">\n\t\t\t\t<div class=\"elementor-element elementor-element-a562a30 elementor-widget elementor-widget-image\" data-id=\"a562a30\" data-element_type=\"widget\" data-widget_type=\"image.default\">\n\t\t\t\t<div class=\"elementor-widget-container\">\n\t\t\t\t\t\t\t\t\t\t\t\t\t\t<a href=\"https:\/\/przestrzendlaedukacji.org\/\">\n\t\t\t\t\t\t\t<img decoding=\"async\" src=\"https:\/\/przestrzendlaedukacji.org\/wp-content\/uploads\/2024\/02\/pde.jpg\" title=\"\" alt=\"\" loading=\"lazy\" \/>\t\t\t\t\t\t\t\t<\/a>\n\t\t\t\t\t\t\t\t\t\t\t\t\t<\/div>\n\t\t\t\t<\/div>\n\t\t\t\t<div class=\"elementor-element elementor-element-3885d31 elementor-widget elementor-widget-text-editor\" data-id=\"3885d31\" data-element_type=\"widget\" data-widget_type=\"text-editor.default\">\n\t\t\t\t<div class=\"elementor-widget-container\">\n\t\t\t\t\t\t\t<p><strong>Adres:<\/strong> <br \/>ul. Antoniego J\u00f3zefa Madali\u0144skiego 23A\/69<br \/>02-513 Warszawa<\/p>\t\t\t\t\t\t<\/div>\n\t\t\t\t<\/div>\n\t\t\t\t<div class=\"elementor-element elementor-element-6b4a722 elementor-widget elementor-widget-text-editor\" data-id=\"6b4a722\" data-element_type=\"widget\" data-widget_type=\"text-editor.default\">\n\t\t\t\t<div class=\"elementor-widget-container\">\n\t\t\t\t\t\t\t<p>\u00a0\u00a0\u00a0\u00a0\u00a0 <\/p>\t\t\t\t\t\t<\/div>\n\t\t\t\t<\/div>\n\t\t\t\t<div class=\"elementor-element elementor-element-5b06ea9 elementor-widget elementor-widget-text-editor\" data-id=\"5b06ea9\" data-element_type=\"widget\" data-widget_type=\"text-editor.default\">\n\t\t\t\t<div class=\"elementor-widget-container\">\n\t\t\t\t\t\t\t<p><strong>KRS:<\/strong>\u00a00000588325<br \/><strong>NIP:<\/strong>\u00a05213713873<br \/><strong>Regon:<\/strong>\u00a0363090074<\/p>\t\t\t\t\t\t<\/div>\n\t\t\t\t<\/div>\n\t\t\t\t<\/div>\n\t\t<div class=\"elementor-element elementor-element-6fcdbef e-con-full e-flex wpr-particle-no wpr-jarallax-no wpr-parallax-no e-con e-parent\" data-id=\"6fcdbef\" data-element_type=\"container\" data-settings=\"{&quot;background_background&quot;:&quot;classic&quot;}\" data-core-v316-plus=\"true\">\n\t\t\t\t<div class=\"elementor-element elementor-element-4ec43e6 elementor-widget__width-initial elementor-widget elementor-widget-text-editor\" data-id=\"4ec43e6\" data-element_type=\"widget\" data-widget_type=\"text-editor.default\">\n\t\t\t\t<div class=\"elementor-widget-container\">\n\t\t\t\t\t\t\t<p>Copyright \u00a9 2024<\/p>\t\t\t\t\t\t<\/div>\n\t\t\t\t<\/div>\n\t\t\t\t<div class=\"elementor-element elementor-element-a92c84d elementor-widget elementor-widget-text-editor\" data-id=\"a92c84d\" data-element_type=\"widget\" data-widget_type=\"text-editor.default\">\n\t\t\t\t<div class=\"elementor-widget-container\">\n\t\t\t\t\t\t\t<p>\u00a0\u00a0\u00a0\u00a0\u00a0\u00a0\u00a0 .<\/p>\t\t\t\t\t\t<\/div>\n\t\t\t\t<\/div>\n\t\t\t\t<div class=\"elementor-element elementor-element-911cb05 elementor-widget__width-initial elementor-widget elementor-widget-text-editor\" data-id=\"911cb05\" data-element_type=\"widget\" data-widget_type=\"text-editor.default\">\n\t\t\t\t<div class=\"elementor-widget-container\">\n\t\t\t\t\t\t\t<p>Polityka prywatno\u015bci<\/p>\t\t\t\t\t\t<\/div>\n\t\t\t\t<\/div>\n\t\t\t\t<\/div>\n\t\t\t\t<\/div>\n\t\t<\/div>\n\t\t\t\t<\/div>\n\t\t\t\t<\/div>\n\t\t\t\t\t<\/div>\n\t\t\t\t<\/div>\n\t\t\t\t<\/div>\n\t\t","protected":false},"excerpt":{"rendered":"<p>Projekty Szko\u0142a debaty &#8211; Plan dla edukacji Czy o zmianach w edukacji powinno si\u0119 decydowa\u0107 odg\u00f3rnie, czy w porozumieniu z odbiorcami dzia\u0142a\u0144 edukacyjnych? Czy istnieje jedna recepta na rozwi\u0105zanie problem\u00f3w polskiej szko\u0142y, czy raczej \u2013\u00a0 pomys\u0142\u00f3w jest wiele a ka\u017cdy z nich jest wart uwagi, dyskusji i rozwa\u017cenia? To pytania kluczowe \u201ePlanu dla edukacji\u201d. RAPORT [&hellip;]<\/p>\n","protected":false},"author":1,"featured_media":0,"parent":0,"menu_order":0,"comment_status":"closed","ping_status":"closed","template":"elementor_header_footer","meta":{"_eb_attr":"","footnotes":""},"_links":{"self":[{"href":"https:\/\/przestrzendlaedukacji.org\/index.php\/wp-json\/wp\/v2\/pages\/649"}],"collection":[{"href":"https:\/\/przestrzendlaedukacji.org\/index.php\/wp-json\/wp\/v2\/pages"}],"about":[{"href":"https:\/\/przestrzendlaedukacji.org\/index.php\/wp-json\/wp\/v2\/types\/page"}],"author":[{"embeddable":true,"href":"https:\/\/przestrzendlaedukacji.org\/index.php\/wp-json\/wp\/v2\/users\/1"}],"replies":[{"embeddable":true,"href":"https:\/\/przestrzendlaedukacji.org\/index.php\/wp-json\/wp\/v2\/comments?post=649"}],"version-history":[{"count":85,"href":"https:\/\/przestrzendlaedukacji.org\/index.php\/wp-json\/wp\/v2\/pages\/649\/revisions"}],"predecessor-version":[{"id":1611,"href":"https:\/\/przestrzendlaedukacji.org\/index.php\/wp-json\/wp\/v2\/pages\/649\/revisions\/1611"}],"wp:attachment":[{"href":"https:\/\/przestrzendlaedukacji.org\/index.php\/wp-json\/wp\/v2\/media?parent=649"}],"curies":[{"name":"wp","href":"https:\/\/api.w.org\/{rel}","templated":true}]}}