{"id":2,"date":"2023-12-26T16:41:23","date_gmt":"2023-12-26T15:41:23","guid":{"rendered":"https:\/\/przestrzendlaedukacji.org\/?page_id=2"},"modified":"2025-09-05T18:18:45","modified_gmt":"2025-09-05T16:18:45","slug":"home","status":"publish","type":"page","link":"https:\/\/przestrzendlaedukacji.org\/","title":{"rendered":"Home"},"content":{"rendered":"\t\t<div data-elementor-type=\"wp-page\" data-elementor-id=\"2\" class=\"elementor elementor-2\">\n\t\t\t\t<div class=\"elementor-element elementor-element-5bcee15 she-header-yes e-flex e-con-boxed wpr-particle-no wpr-jarallax-no wpr-parallax-no e-con e-parent\" data-id=\"5bcee15\" data-element_type=\"container\" data-settings=\"{&quot;transparent&quot;:&quot;yes&quot;,&quot;scroll_distance&quot;:{&quot;unit&quot;:&quot;px&quot;,&quot;size&quot;:0,&quot;sizes&quot;:[]},&quot;transparent_on&quot;:[&quot;desktop&quot;,&quot;tablet&quot;,&quot;mobile&quot;],&quot;scroll_distance_tablet&quot;:{&quot;unit&quot;:&quot;px&quot;,&quot;size&quot;:&quot;&quot;,&quot;sizes&quot;:[]},&quot;scroll_distance_mobile&quot;:{&quot;unit&quot;:&quot;px&quot;,&quot;size&quot;:&quot;&quot;,&quot;sizes&quot;:[]}}\" data-core-v316-plus=\"true\">\n\t\t\t\t\t<div class=\"e-con-inner\">\n\t\t\t\t<div class=\"elementor-element elementor-element-49e307b elementor-widget elementor-widget-shortcode\" data-id=\"49e307b\" data-element_type=\"widget\" data-widget_type=\"shortcode.default\">\n\t\t\t\t<div class=\"elementor-widget-container\">\n\t\t\t\t\t<div class=\"elementor-shortcode\">\t\t<div data-elementor-type=\"wp-post\" data-elementor-id=\"313\" class=\"elementor elementor-313\">\n\t\t\t\t<div data-wpr-sticky-section=\"yes\" data-wpr-position-type=\"sticky\" data-wpr-position-offset=\"0\" data-wpr-position-location=\"top\" data-wpr-sticky-devices=\"desktop_sticky\" data-wpr-custom-breakpoints=\"default\" data-wpr-active-breakpoints=\"mobile_sticky tablet_sticky desktop_sticky\" data-wpr-z-index=\"\" data-wpr-sticky-hide=\"\" data-wpr-replace-header=\"\" data-wpr-animation-duration=\"\" data-wpr-sticky-type=\"sticky\" class=\"elementor-element elementor-element-59be014 wpr-sticky-section-yes she-header-yes e-flex e-con-boxed wpr-particle-no wpr-jarallax-no wpr-parallax-no e-con e-parent\" data-id=\"59be014\" data-element_type=\"container\" data-settings=\"{&quot;background_background&quot;:&quot;classic&quot;,&quot;transparent&quot;:&quot;yes&quot;,&quot;scroll_distance&quot;:{&quot;unit&quot;:&quot;px&quot;,&quot;size&quot;:0,&quot;sizes&quot;:[]},&quot;position_offset&quot;:0,&quot;position_offset_tablet&quot;:0,&quot;position_offset_mobile&quot;:0,&quot;transparent_on&quot;:[&quot;desktop&quot;,&quot;tablet&quot;,&quot;mobile&quot;],&quot;scroll_distance_tablet&quot;:{&quot;unit&quot;:&quot;px&quot;,&quot;size&quot;:&quot;&quot;,&quot;sizes&quot;:[]},&quot;scroll_distance_mobile&quot;:{&quot;unit&quot;:&quot;px&quot;,&quot;size&quot;:&quot;&quot;,&quot;sizes&quot;:[]}}\" data-core-v316-plus=\"true\">\n\t\t\t\t\t<div class=\"e-con-inner\">\n\t\t\t\t<div class=\"elementor-element elementor-element-a562a30 elementor-widget elementor-widget-image\" data-id=\"a562a30\" data-element_type=\"widget\" data-widget_type=\"image.default\">\n\t\t\t\t<div class=\"elementor-widget-container\">\n\t\t\t<style>\/*! elementor - v3.20.0 - 10-04-2024 *\/\n.elementor-widget-image{text-align:center}.elementor-widget-image a{display:inline-block}.elementor-widget-image a img[src$=\".svg\"]{width:48px}.elementor-widget-image img{vertical-align:middle;display:inline-block}<\/style>\t\t\t\t\t\t\t\t\t\t\t<a href=\"https:\/\/przestrzendlaedukacji.org\/\">\n\t\t\t\t\t\t\t<img decoding=\"async\" src=\"https:\/\/przestrzendlaedukacji.org\/wp-content\/uploads\/2024\/02\/pde.jpg\" title=\"\" alt=\"\" loading=\"lazy\" \/>\t\t\t\t\t\t\t\t<\/a>\n\t\t\t\t\t\t\t\t\t\t\t\t\t<\/div>\n\t\t\t\t<\/div>\n\t\t\t\t<div class=\"elementor-element elementor-element-6febed6 elementor-widget elementor-widget-ekit-nav-menu\" data-id=\"6febed6\" data-element_type=\"widget\" data-widget_type=\"ekit-nav-menu.default\">\n\t\t\t\t<div class=\"elementor-widget-container\">\n\t\t\t<div class=\"ekit-wid-con ekit_menu_responsive_mobile\" data-hamburger-icon=\"\" data-hamburger-icon-type=\"icon\" data-responsive-breakpoint=\"767\">            <button class=\"elementskit-menu-hamburger elementskit-menu-toggler\"  type=\"button\" aria-label=\"hamburger-icon\">\n                                    <span class=\"elementskit-menu-hamburger-icon\"><\/span><span class=\"elementskit-menu-hamburger-icon\"><\/span><span class=\"elementskit-menu-hamburger-icon\"><\/span>\n                            <\/button>\n            <div id=\"ekit-megamenu-menu\" class=\"elementskit-menu-container elementskit-menu-offcanvas-elements elementskit-navbar-nav-default ekit-nav-menu-one-page-no ekit-nav-dropdown-hover\"><ul id=\"menu-menu\" class=\"elementskit-navbar-nav elementskit-menu-po-center submenu-click-on-icon\"><li id=\"menu-item-578\" class=\"menu-item menu-item-type-post_type menu-item-object-page menu-item-has-children menu-item-578 nav-item elementskit-dropdown-has relative_position elementskit-dropdown-menu-default_width elementskit-mobile-builder-content\" data-vertical-menu=750px><a href=\"https:\/\/przestrzendlaedukacji.org\/index.php\/o-fundacji\/\" class=\"ekit-menu-nav-link ekit-menu-dropdown-toggle\">O nas<i aria-hidden=\"true\" class=\"icon icon-arrow-point-to-down elementskit-submenu-indicator\"><\/i><\/a>\n<ul class=\"elementskit-dropdown elementskit-submenu-panel\">\n\t<li id=\"menu-item-601\" class=\"menu-item menu-item-type-custom menu-item-object-custom menu-item-601 nav-item elementskit-mobile-builder-content\" data-vertical-menu=750px><a href=\"https:\/\/przestrzendlaedukacji.org\/index.php\/o-fundacji\/#eksperci1\" class=\" dropdown-item\">Eksperci i ekspertki<\/a><\/ul>\n<\/li>\n<li id=\"menu-item-637\" class=\"menu-item menu-item-type-post_type menu-item-object-page menu-item-has-children menu-item-637 nav-item elementskit-dropdown-has relative_position elementskit-dropdown-menu-default_width elementskit-mobile-builder-content\" data-vertical-menu=750px><a href=\"https:\/\/przestrzendlaedukacji.org\/index.php\/dzialania\/\" class=\"ekit-menu-nav-link ekit-menu-dropdown-toggle\">Dzia\u0142ania<i aria-hidden=\"true\" class=\"icon icon-arrow-point-to-down elementskit-submenu-indicator\"><\/i><\/a>\n<ul class=\"elementskit-dropdown elementskit-submenu-panel\">\n\t<li id=\"menu-item-641\" class=\"menu-item menu-item-type-custom menu-item-object-custom menu-item-641 nav-item elementskit-mobile-builder-content\" data-vertical-menu=750px><a href=\"https:\/\/przestrzendlaedukacji.org\/index.php\/dzialania\/#opinie1\" class=\" dropdown-item\">Analizy<\/a><\/ul>\n<\/li>\n<li id=\"menu-item-654\" class=\"menu-item menu-item-type-post_type menu-item-object-page menu-item-has-children menu-item-654 nav-item elementskit-dropdown-has relative_position elementskit-dropdown-menu-default_width elementskit-mobile-builder-content\" data-vertical-menu=750px><a href=\"https:\/\/przestrzendlaedukacji.org\/index.php\/projekty\/\" class=\"ekit-menu-nav-link ekit-menu-dropdown-toggle\">Projekty<i aria-hidden=\"true\" class=\"icon icon-arrow-point-to-down elementskit-submenu-indicator\"><\/i><\/a>\n<ul class=\"elementskit-dropdown elementskit-submenu-panel\">\n\t<li id=\"menu-item-656\" class=\"menu-item menu-item-type-custom menu-item-object-custom menu-item-656 nav-item elementskit-mobile-builder-content\" data-vertical-menu=750px><a href=\"https:\/\/przestrzendlaedukacji.org\/index.php\/projekty\/#szkoladebaty1\" class=\" dropdown-item\">Szko\u0142a debaty<\/a>\t<li id=\"menu-item-657\" class=\"menu-item menu-item-type-custom menu-item-object-custom menu-item-657 nav-item elementskit-mobile-builder-content\" data-vertical-menu=750px><a href=\"https:\/\/przestrzendlaedukacji.org\/index.php\/projekty\/#konsultacje1\" class=\" dropdown-item\">Obywatelskie konsultacje<\/a><\/ul>\n<\/li>\n<li id=\"menu-item-648\" class=\"menu-item menu-item-type-post_type menu-item-object-page menu-item-648 nav-item elementskit-mobile-builder-content\" data-vertical-menu=750px><a href=\"https:\/\/przestrzendlaedukacji.org\/index.php\/kontakt\/\" class=\"ekit-menu-nav-link\">Kontakt<\/a><\/li>\n<li id=\"menu-item-647\" class=\"menu-item menu-item-type-post_type menu-item-object-page menu-item-647 nav-item elementskit-mobile-builder-content\" data-vertical-menu=750px><a href=\"https:\/\/przestrzendlaedukacji.org\/index.php\/wspieraj\/\" class=\"ekit-menu-nav-link\">Wspieraj<\/a><\/li>\n<\/ul><div class=\"elementskit-nav-identity-panel\">\n\t\t\t\t<div class=\"elementskit-site-title\">\n\t\t\t\t\t<a class=\"elementskit-nav-logo\" href=\"https:\/\/przestrzendlaedukacji.org\" target=\"_self\" rel=\"\">\n\t\t\t\t\t\t<img decoding=\"async\" src=\"\" title=\"\" alt=\"\" \/>\n\t\t\t\t\t<\/a> \n\t\t\t\t<\/div><button class=\"elementskit-menu-close elementskit-menu-toggler\" type=\"button\">X<\/button><\/div><\/div>\t\t\t\n\t\t\t<div class=\"elementskit-menu-overlay elementskit-menu-offcanvas-elements elementskit-menu-toggler ekit-nav-menu--overlay\"><\/div><\/div>\t\t<\/div>\n\t\t\t\t<\/div>\n\t\t\t\t\t<\/div>\n\t\t\t\t<\/div>\n\t\t\t\t<\/div>\n\t\t<\/div>\n\t\t\t\t<\/div>\n\t\t\t\t<\/div>\n\t\t\t\t\t<\/div>\n\t\t\t\t<\/div>\n\t\t<div class=\"elementor-element elementor-element-6a07f9d e-flex e-con-boxed wpr-particle-no wpr-jarallax-no wpr-parallax-no wpr-sticky-section-no e-con e-parent\" data-id=\"6a07f9d\" data-element_type=\"container\" data-settings=\"{&quot;_ha_eqh_enable&quot;:false}\" data-core-v316-plus=\"true\">\n\t\t\t\t\t<div class=\"e-con-inner\">\n\t\t\t\t<div class=\"elementor-element elementor-element-335a809 elementor-widget__width-inherit elementor-widget elementor-widget-text-editor\" data-id=\"335a809\" data-element_type=\"widget\" data-widget_type=\"text-editor.default\">\n\t\t\t\t<div class=\"elementor-widget-container\">\n\t\t\t<style>\/*! elementor - v3.20.0 - 10-04-2024 *\/\n.elementor-widget-text-editor.elementor-drop-cap-view-stacked .elementor-drop-cap{background-color:#69727d;color:#fff}.elementor-widget-text-editor.elementor-drop-cap-view-framed .elementor-drop-cap{color:#69727d;border:3px solid;background-color:transparent}.elementor-widget-text-editor:not(.elementor-drop-cap-view-default) .elementor-drop-cap{margin-top:8px}.elementor-widget-text-editor:not(.elementor-drop-cap-view-default) .elementor-drop-cap-letter{width:1em;height:1em}.elementor-widget-text-editor .elementor-drop-cap{float:left;text-align:center;line-height:1;font-size:50px}.elementor-widget-text-editor .elementor-drop-cap-letter{display:inline-block}<\/style>\t\t\t\t<p><span style=\"font-size: 36pt; font-family: Georgia, Palatino;\">Przestrze\u0144 dla edukacji<br \/><\/span><\/p>\t\t\t\t\t\t<\/div>\n\t\t\t\t<\/div>\n\t\t\t\t<div class=\"elementor-element elementor-element-be74328 elementor-widget elementor-widget-text-editor\" data-id=\"be74328\" data-element_type=\"widget\" data-widget_type=\"text-editor.default\">\n\t\t\t\t<div class=\"elementor-widget-container\">\n\t\t\t\t\t\t\t<p>Obserwujemy, pytamy, eksperymentujemy \u2013 nowo\u015bci w edukacji nie powstaj\u0105 w pr\u00f3\u017cni \u2013 dlatego kreujemy przestrze\u0144.<\/p><p>Stawiamy sobie za cel popraw\u0119 jako\u015bci funkcjonowania edukacji. W naszych dzia\u0142aniach jeste\u015bmy dalecy od proponowania gotowych recept i rozwi\u0105za\u0144 \u2013 chcemy poznawa\u0107 potrzeby i oczekiwania rodzic\u00f3w, dzieci i nauczycieli. Nasz\u0105 rol\u0105 \u2013 jako ekspert\u00f3w i praktyk\u00f3w \u2013 jest wypracowywanie nowych rozwi\u0105za\u0144 w \u015bcis\u0142ej wsp\u00f3\u0142pracy tych, kt\u00f3rych edukacja dotyczy w najwi\u0119kszym stopniu.<\/p>\t\t\t\t\t\t<\/div>\n\t\t\t\t<\/div>\n\t\t\t\t\t<\/div>\n\t\t\t\t<\/div>\n\t\t<div class=\"elementor-element elementor-element-f800a41 e-flex e-con-boxed wpr-particle-no wpr-jarallax-no wpr-parallax-no wpr-sticky-section-no e-con e-parent\" data-id=\"f800a41\" data-element_type=\"container\" data-settings=\"{&quot;background_background&quot;:&quot;classic&quot;,&quot;_ha_eqh_enable&quot;:false}\" data-core-v316-plus=\"true\">\n\t\t\t\t\t<div class=\"e-con-inner\">\n\t\t\t\t<div class=\"elementor-element elementor-element-5fc0a8b elementor-grid-eael-col-2 elementor-grid-tablet-eael-col-2 elementor-grid-mobile-eael-col-1 elementor-widget elementor-widget-eael-post-grid\" data-id=\"5fc0a8b\" data-element_type=\"widget\" data-settings=\"{&quot;eael_post_grid_columns&quot;:&quot;eael-col-2&quot;,&quot;eael_post_grid_columns_tablet&quot;:&quot;eael-col-2&quot;,&quot;eael_post_grid_columns_mobile&quot;:&quot;eael-col-1&quot;}\" data-widget_type=\"eael-post-grid.default\">\n\t\t\t\t<div class=\"elementor-widget-container\">\n\t\t\t<div id=\"eael-post-grid-5fc0a8b\" class=\"eael-post-grid-container\">\n            <div class=\"eael-post-grid eael-post-appender eael-post-appender-5fc0a8b eael-post-grid-style-default\" data-layout-mode=\"masonry\"><article class=\"eael-grid-post eael-post-grid-column\" data-id=\"1232\">\n        <div class=\"eael-grid-post-holder\">\n            <div class=\"eael-grid-post-holder-inner\"><div class=\"eael-entry-media\"><div class=\"eael-entry-overlay fade-in\"><i class=\"fas fa-long-arrow-alt-right\" aria-hidden=\"true\"><\/i><a href=\"https:\/\/przestrzendlaedukacji.org\/index.php\/2021\/07\/12\/szkola-po-wakacjach-co-oznaczaja-najnowsze-kierunki-realizacji-polityki-oswiatowej\/\"><\/a><\/div><div class=\"eael-entry-thumbnail \">\n                <img fetchpriority=\"high\" decoding=\"async\" width=\"300\" height=\"169\" src=\"https:\/\/przestrzendlaedukacji.org\/wp-content\/uploads\/2021\/07\/school-909381_1920-300x169.jpg\" class=\"attachment-medium size-medium wp-image-1451\" alt=\"\" srcset=\"https:\/\/przestrzendlaedukacji.org\/wp-content\/uploads\/2021\/07\/school-909381_1920-300x169.jpg 300w, https:\/\/przestrzendlaedukacji.org\/wp-content\/uploads\/2021\/07\/school-909381_1920-1024x577.jpg 1024w, https:\/\/przestrzendlaedukacji.org\/wp-content\/uploads\/2021\/07\/school-909381_1920-768x432.jpg 768w, https:\/\/przestrzendlaedukacji.org\/wp-content\/uploads\/2021\/07\/school-909381_1920-1536x865.jpg 1536w, https:\/\/przestrzendlaedukacji.org\/wp-content\/uploads\/2021\/07\/school-909381_1920-800x450.jpg 800w, https:\/\/przestrzendlaedukacji.org\/wp-content\/uploads\/2021\/07\/school-909381_1920.jpg 1920w\" sizes=\"(max-width: 300px) 100vw, 300px\" \/>\n            <\/div>\n        <\/div><div class=\"eael-entry-wrapper\"><header class=\"eael-entry-header\"><h2 class=\"eael-entry-title\"><a\n                        class=\"eael-grid-post-link\"\n                        href=\"https:\/\/przestrzendlaedukacji.org\/index.php\/2021\/07\/12\/szkola-po-wakacjach-co-oznaczaja-najnowsze-kierunki-realizacji-polityki-oswiatowej\/\"\n                        title=\"Co robimy?\">Co robimy?<\/a><\/h2><\/header><div class=\"eael-entry-content\">\n                        <div class=\"eael-grid-post-excerpt\"><p>Co robimy? Dzia\u0142amy tam, gdzie si\u0142a g\u0142osu w edukacji jest wa\u017cna. Edukacja to obszar, kt\u00f3ry dotyczy prawie pi\u0119ciu milion\u00f3w ma\u0142ych obywatelki i obywatelek Polski. Dlatego o...<\/p><a\n                            href=\"https:\/\/przestrzendlaedukacji.org\/index.php\/2021\/07\/12\/szkola-po-wakacjach-co-oznaczaja-najnowsze-kierunki-realizacji-polityki-oswiatowej\/\"\n                            class=\"eael-post-elements-readmore-btn\">Czytaj wi\u0119cej<\/a><\/div>\n                    <\/div><\/div><\/div>\n        <\/div>\n    <\/article><article class=\"eael-grid-post eael-post-grid-column\" data-id=\"1241\">\n        <div class=\"eael-grid-post-holder\">\n            <div class=\"eael-grid-post-holder-inner\"><div class=\"eael-entry-media\"><div class=\"eael-entry-overlay fade-in\"><i class=\"fas fa-long-arrow-alt-right\" aria-hidden=\"true\"><\/i><a href=\"https:\/\/przestrzendlaedukacji.org\/index.php\/2021\/06\/25\/jak-dzialamy\/\"><\/a><\/div><div class=\"eael-entry-thumbnail \">\n                <img decoding=\"async\" width=\"300\" height=\"199\" src=\"https:\/\/przestrzendlaedukacji.org\/wp-content\/uploads\/2021\/06\/portrayal-89193_1920-300x199.jpg\" class=\"attachment-medium size-medium wp-image-1452\" alt=\"\" srcset=\"https:\/\/przestrzendlaedukacji.org\/wp-content\/uploads\/2021\/06\/portrayal-89193_1920-300x199.jpg 300w, https:\/\/przestrzendlaedukacji.org\/wp-content\/uploads\/2021\/06\/portrayal-89193_1920-1024x678.jpg 1024w, https:\/\/przestrzendlaedukacji.org\/wp-content\/uploads\/2021\/06\/portrayal-89193_1920-768x508.jpg 768w, https:\/\/przestrzendlaedukacji.org\/wp-content\/uploads\/2021\/06\/portrayal-89193_1920-1536x1017.jpg 1536w, https:\/\/przestrzendlaedukacji.org\/wp-content\/uploads\/2021\/06\/portrayal-89193_1920.jpg 1920w\" sizes=\"(max-width: 300px) 100vw, 300px\" \/>\n            <\/div>\n        <\/div><div class=\"eael-entry-wrapper\"><header class=\"eael-entry-header\"><h2 class=\"eael-entry-title\"><a\n                        class=\"eael-grid-post-link\"\n                        href=\"https:\/\/przestrzendlaedukacji.org\/index.php\/2021\/06\/25\/jak-dzialamy\/\"\n                        title=\"Jak dzia\u0142amy?\">Jak dzia\u0142amy?<\/a><\/h2><\/header><div class=\"eael-entry-content\">\n                        <div class=\"eael-grid-post-excerpt\"><p>Jak dzia\u0142amy? Organizujemy spo\u0142eczne konsultacje tam, gdzie proces ten by\u0142 niewystarczaj\u0105cy lub w og\u00f3le go zabrak\u0142o. Projektujemy i prowadzimy debaty, w czasie kt\u00f3rych wypracowywane s\u0105 rozwi\u0105zania...<\/p><a\n                            href=\"https:\/\/przestrzendlaedukacji.org\/index.php\/2021\/06\/25\/jak-dzialamy\/\"\n                            class=\"eael-post-elements-readmore-btn\">Czytaj wi\u0119cej<\/a><\/div>\n                    <\/div><\/div><\/div>\n        <\/div>\n    <\/article><\/div>\n            <div class=\"clearfix\"><\/div>\n        <\/div>\t\t<\/div>\n\t\t\t\t<\/div>\n\t\t\t\t\t<\/div>\n\t\t\t\t<\/div>\n\t\t<div class=\"elementor-element elementor-element-5d87543 e-flex e-con-boxed wpr-particle-no wpr-jarallax-no wpr-parallax-no wpr-sticky-section-no e-con e-parent\" data-id=\"5d87543\" data-element_type=\"container\" data-settings=\"{&quot;_ha_eqh_enable&quot;:false}\" data-core-v316-plus=\"true\">\n\t\t\t\t\t<div class=\"e-con-inner\">\n\t\t\t\t<div class=\"elementor-element elementor-element-35b38d7 elementor-widget-tablet__width-initial elementor-widget elementor-widget-shortcode\" data-id=\"35b38d7\" data-element_type=\"widget\" data-widget_type=\"shortcode.default\">\n\t\t\t\t<div class=\"elementor-widget-container\">\n\t\t\t\t\t<div class=\"elementor-shortcode\">\t\t<div data-elementor-type=\"wp-post\" data-elementor-id=\"782\" class=\"elementor elementor-782\">\n\t\t\t\t<div class=\"elementor-element elementor-element-59be014 e-con-full e-flex wpr-particle-no wpr-jarallax-no wpr-parallax-no e-con e-parent\" data-id=\"59be014\" data-element_type=\"container\" data-settings=\"{&quot;background_background&quot;:&quot;classic&quot;}\" data-core-v316-plus=\"true\">\n\t\t\t\t<div class=\"elementor-element elementor-element-a562a30 elementor-widget elementor-widget-image\" data-id=\"a562a30\" data-element_type=\"widget\" data-widget_type=\"image.default\">\n\t\t\t\t<div class=\"elementor-widget-container\">\n\t\t\t\t\t\t\t\t\t\t\t\t\t\t<a href=\"https:\/\/przestrzendlaedukacji.org\/\">\n\t\t\t\t\t\t\t<img decoding=\"async\" src=\"https:\/\/przestrzendlaedukacji.org\/wp-content\/uploads\/2024\/02\/pde.jpg\" title=\"\" alt=\"\" loading=\"lazy\" \/>\t\t\t\t\t\t\t\t<\/a>\n\t\t\t\t\t\t\t\t\t\t\t\t\t<\/div>\n\t\t\t\t<\/div>\n\t\t\t\t<div class=\"elementor-element elementor-element-3885d31 elementor-widget elementor-widget-text-editor\" data-id=\"3885d31\" data-element_type=\"widget\" data-widget_type=\"text-editor.default\">\n\t\t\t\t<div class=\"elementor-widget-container\">\n\t\t\t\t\t\t\t<p><strong>Adres:<\/strong> <br \/>ul. Antoniego J\u00f3zefa Madali\u0144skiego 23A\/69<br \/>02-513 Warszawa<\/p>\t\t\t\t\t\t<\/div>\n\t\t\t\t<\/div>\n\t\t\t\t<div class=\"elementor-element elementor-element-6b4a722 elementor-widget elementor-widget-text-editor\" data-id=\"6b4a722\" data-element_type=\"widget\" data-widget_type=\"text-editor.default\">\n\t\t\t\t<div class=\"elementor-widget-container\">\n\t\t\t\t\t\t\t<p>\u00a0\u00a0\u00a0\u00a0\u00a0 <\/p>\t\t\t\t\t\t<\/div>\n\t\t\t\t<\/div>\n\t\t\t\t<div class=\"elementor-element elementor-element-5b06ea9 elementor-widget elementor-widget-text-editor\" data-id=\"5b06ea9\" data-element_type=\"widget\" data-widget_type=\"text-editor.default\">\n\t\t\t\t<div class=\"elementor-widget-container\">\n\t\t\t\t\t\t\t<p><strong>KRS:<\/strong>\u00a00000588325<br \/><strong>NIP:<\/strong>\u00a05213713873<br \/><strong>Regon:<\/strong>\u00a0363090074<\/p>\t\t\t\t\t\t<\/div>\n\t\t\t\t<\/div>\n\t\t\t\t<\/div>\n\t\t<div class=\"elementor-element elementor-element-6fcdbef e-con-full e-flex wpr-particle-no wpr-jarallax-no wpr-parallax-no e-con e-parent\" data-id=\"6fcdbef\" data-element_type=\"container\" data-settings=\"{&quot;background_background&quot;:&quot;classic&quot;}\" data-core-v316-plus=\"true\">\n\t\t\t\t<div class=\"elementor-element elementor-element-4ec43e6 elementor-widget__width-initial elementor-widget elementor-widget-text-editor\" data-id=\"4ec43e6\" data-element_type=\"widget\" data-widget_type=\"text-editor.default\">\n\t\t\t\t<div class=\"elementor-widget-container\">\n\t\t\t\t\t\t\t<p>Copyright \u00a9 2024<\/p>\t\t\t\t\t\t<\/div>\n\t\t\t\t<\/div>\n\t\t\t\t<div class=\"elementor-element elementor-element-a92c84d elementor-widget elementor-widget-text-editor\" data-id=\"a92c84d\" data-element_type=\"widget\" data-widget_type=\"text-editor.default\">\n\t\t\t\t<div class=\"elementor-widget-container\">\n\t\t\t\t\t\t\t<p>\u00a0\u00a0\u00a0\u00a0\u00a0\u00a0\u00a0 .<\/p>\t\t\t\t\t\t<\/div>\n\t\t\t\t<\/div>\n\t\t\t\t<div class=\"elementor-element elementor-element-911cb05 elementor-widget__width-initial elementor-widget elementor-widget-text-editor\" data-id=\"911cb05\" data-element_type=\"widget\" data-widget_type=\"text-editor.default\">\n\t\t\t\t<div class=\"elementor-widget-container\">\n\t\t\t\t\t\t\t<p>Polityka prywatno\u015bci<\/p>\t\t\t\t\t\t<\/div>\n\t\t\t\t<\/div>\n\t\t\t\t<\/div>\n\t\t\t\t<\/div>\n\t\t<\/div>\n\t\t\t\t<\/div>\n\t\t\t\t<\/div>\n\t\t\t\t\t<\/div>\n\t\t\t\t<\/div>\n\t\t\t\t<\/div>\n\t\t","protected":false},"excerpt":{"rendered":"<p>Przestrze\u0144 dla edukacji Obserwujemy, pytamy, eksperymentujemy \u2013 nowo\u015bci w edukacji nie powstaj\u0105 w pr\u00f3\u017cni \u2013 dlatego kreujemy przestrze\u0144. Stawiamy sobie za cel popraw\u0119 jako\u015bci funkcjonowania edukacji. W naszych dzia\u0142aniach jeste\u015bmy dalecy od proponowania gotowych recept i rozwi\u0105za\u0144 \u2013 chcemy poznawa\u0107 potrzeby i oczekiwania rodzic\u00f3w, dzieci i nauczycieli. Nasz\u0105 rol\u0105 \u2013 jako ekspert\u00f3w i praktyk\u00f3w \u2013 [&hellip;]<\/p>\n","protected":false},"author":1,"featured_media":0,"parent":0,"menu_order":0,"comment_status":"closed","ping_status":"closed","template":"elementor_header_footer","meta":{"_eb_attr":"","footnotes":""},"_links":{"self":[{"href":"https:\/\/przestrzendlaedukacji.org\/index.php\/wp-json\/wp\/v2\/pages\/2"}],"collection":[{"href":"https:\/\/przestrzendlaedukacji.org\/index.php\/wp-json\/wp\/v2\/pages"}],"about":[{"href":"https:\/\/przestrzendlaedukacji.org\/index.php\/wp-json\/wp\/v2\/types\/page"}],"author":[{"embeddable":true,"href":"https:\/\/przestrzendlaedukacji.org\/index.php\/wp-json\/wp\/v2\/users\/1"}],"replies":[{"embeddable":true,"href":"https:\/\/przestrzendlaedukacji.org\/index.php\/wp-json\/wp\/v2\/comments?post=2"}],"version-history":[{"count":240,"href":"https:\/\/przestrzendlaedukacji.org\/index.php\/wp-json\/wp\/v2\/pages\/2\/revisions"}],"predecessor-version":[{"id":1608,"href":"https:\/\/przestrzendlaedukacji.org\/index.php\/wp-json\/wp\/v2\/pages\/2\/revisions\/1608"}],"wp:attachment":[{"href":"https:\/\/przestrzendlaedukacji.org\/index.php\/wp-json\/wp\/v2\/media?parent=2"}],"curies":[{"name":"wp","href":"https:\/\/api.w.org\/{rel}","templated":true}]}}