{"id":635,"date":"2024-02-19T22:29:32","date_gmt":"2024-02-19T21:29:32","guid":{"rendered":"https:\/\/przestrzendlaedukacji.org\/?page_id=635"},"modified":"2024-10-11T19:16:51","modified_gmt":"2024-10-11T17:16:51","slug":"dzialania","status":"publish","type":"page","link":"http:\/\/przestrzendlaedukacji.org\/index.php\/dzialania\/","title":{"rendered":"Dzia\u0142ania"},"content":{"rendered":"\t\t<div data-elementor-type=\"wp-page\" data-elementor-id=\"635\" class=\"elementor elementor-635\">\n\t\t\t\t<div class=\"elementor-element elementor-element-5bcee15 e-con-full she-header-yes e-flex wpr-particle-no wpr-jarallax-no wpr-parallax-no e-con e-parent\" data-id=\"5bcee15\" data-element_type=\"container\" data-settings=\"{&quot;transparent&quot;:&quot;yes&quot;,&quot;scroll_distance&quot;:{&quot;unit&quot;:&quot;px&quot;,&quot;size&quot;:0,&quot;sizes&quot;:[]},&quot;transparent_on&quot;:[&quot;desktop&quot;,&quot;tablet&quot;,&quot;mobile&quot;],&quot;scroll_distance_tablet&quot;:{&quot;unit&quot;:&quot;px&quot;,&quot;size&quot;:&quot;&quot;,&quot;sizes&quot;:[]},&quot;scroll_distance_mobile&quot;:{&quot;unit&quot;:&quot;px&quot;,&quot;size&quot;:&quot;&quot;,&quot;sizes&quot;:[]}}\" data-core-v316-plus=\"true\">\n\t\t\t\t<div class=\"elementor-element elementor-element-49e307b elementor-widget elementor-widget-shortcode\" data-id=\"49e307b\" data-element_type=\"widget\" data-widget_type=\"shortcode.default\">\n\t\t\t\t<div class=\"elementor-widget-container\">\n\t\t\t\t\t<div class=\"elementor-shortcode\">\t\t<div data-elementor-type=\"wp-post\" data-elementor-id=\"313\" class=\"elementor elementor-313\">\n\t\t\t\t<div data-wpr-sticky-section=\"yes\" data-wpr-position-type=\"sticky\" data-wpr-position-offset=\"0\" data-wpr-position-location=\"top\" data-wpr-sticky-devices=\"desktop_sticky\" data-wpr-custom-breakpoints=\"default\" data-wpr-active-breakpoints=\"mobile_sticky tablet_sticky desktop_sticky\" data-wpr-z-index=\"\" data-wpr-sticky-hide=\"\" data-wpr-replace-header=\"\" data-wpr-animation-duration=\"\" data-wpr-sticky-type=\"sticky\" class=\"elementor-element elementor-element-59be014 wpr-sticky-section-yes she-header-yes e-flex e-con-boxed wpr-particle-no wpr-jarallax-no wpr-parallax-no e-con e-parent\" data-id=\"59be014\" data-element_type=\"container\" data-settings=\"{&quot;background_background&quot;:&quot;classic&quot;,&quot;transparent&quot;:&quot;yes&quot;,&quot;scroll_distance&quot;:{&quot;unit&quot;:&quot;px&quot;,&quot;size&quot;:0,&quot;sizes&quot;:[]},&quot;position_offset&quot;:0,&quot;position_offset_tablet&quot;:0,&quot;position_offset_mobile&quot;:0,&quot;transparent_on&quot;:[&quot;desktop&quot;,&quot;tablet&quot;,&quot;mobile&quot;],&quot;scroll_distance_tablet&quot;:{&quot;unit&quot;:&quot;px&quot;,&quot;size&quot;:&quot;&quot;,&quot;sizes&quot;:[]},&quot;scroll_distance_mobile&quot;:{&quot;unit&quot;:&quot;px&quot;,&quot;size&quot;:&quot;&quot;,&quot;sizes&quot;:[]}}\" data-core-v316-plus=\"true\">\n\t\t\t\t\t<div class=\"e-con-inner\">\n\t\t\t\t<div class=\"elementor-element elementor-element-a562a30 elementor-widget elementor-widget-image\" data-id=\"a562a30\" data-element_type=\"widget\" data-widget_type=\"image.default\">\n\t\t\t\t<div class=\"elementor-widget-container\">\n\t\t\t<style>\/*! elementor - v3.20.0 - 10-04-2024 *\/\n.elementor-widget-image{text-align:center}.elementor-widget-image a{display:inline-block}.elementor-widget-image a img[src$=\".svg\"]{width:48px}.elementor-widget-image img{vertical-align:middle;display:inline-block}<\/style>\t\t\t\t\t\t\t\t\t\t\t<a href=\"https:\/\/przestrzendlaedukacji.org\/\">\n\t\t\t\t\t\t\t<img decoding=\"async\" src=\"http:\/\/przestrzendlaedukacji.org\/wp-content\/uploads\/elementor\/thumbs\/pde-qk3to8fxiggjvwybx7sd6llc724jfocfad2hn8sdcu.jpg\" title=\"\" alt=\"\" loading=\"lazy\" \/>\t\t\t\t\t\t\t\t<\/a>\n\t\t\t\t\t\t\t\t\t\t\t\t\t<\/div>\n\t\t\t\t<\/div>\n\t\t\t\t<div class=\"elementor-element elementor-element-6febed6 elementor-widget elementor-widget-ekit-nav-menu\" data-id=\"6febed6\" data-element_type=\"widget\" data-widget_type=\"ekit-nav-menu.default\">\n\t\t\t\t<div class=\"elementor-widget-container\">\n\t\t\t<div class=\"ekit-wid-con ekit_menu_responsive_mobile\" data-hamburger-icon=\"\" data-hamburger-icon-type=\"icon\" data-responsive-breakpoint=\"767\">            <button class=\"elementskit-menu-hamburger elementskit-menu-toggler\"  type=\"button\" aria-label=\"hamburger-icon\">\n                                    <span class=\"elementskit-menu-hamburger-icon\"><\/span><span class=\"elementskit-menu-hamburger-icon\"><\/span><span class=\"elementskit-menu-hamburger-icon\"><\/span>\n                            <\/button>\n            <div id=\"ekit-megamenu-menu\" class=\"elementskit-menu-container elementskit-menu-offcanvas-elements elementskit-navbar-nav-default ekit-nav-menu-one-page-no ekit-nav-dropdown-hover\"><ul id=\"menu-menu\" class=\"elementskit-navbar-nav elementskit-menu-po-center submenu-click-on-icon\"><li id=\"menu-item-578\" class=\"menu-item menu-item-type-post_type menu-item-object-page menu-item-has-children menu-item-578 nav-item elementskit-dropdown-has relative_position elementskit-dropdown-menu-default_width elementskit-mobile-builder-content\" data-vertical-menu=750px><a href=\"http:\/\/przestrzendlaedukacji.org\/index.php\/o-fundacji\/\" class=\"ekit-menu-nav-link ekit-menu-dropdown-toggle\">O nas<i aria-hidden=\"true\" class=\"icon icon-arrow-point-to-down elementskit-submenu-indicator\"><\/i><\/a>\n<ul class=\"elementskit-dropdown elementskit-submenu-panel\">\n\t<li id=\"menu-item-601\" class=\"menu-item menu-item-type-custom menu-item-object-custom menu-item-601 nav-item elementskit-mobile-builder-content\" data-vertical-menu=750px><a href=\"https:\/\/przestrzendlaedukacji.org\/index.php\/o-fundacji\/#eksperci1\" class=\" dropdown-item\">Eksperci i ekspertki<\/a><\/ul>\n<\/li>\n<li id=\"menu-item-637\" class=\"menu-item menu-item-type-post_type menu-item-object-page menu-item-has-children menu-item-637 nav-item elementskit-dropdown-has relative_position elementskit-dropdown-menu-default_width elementskit-mobile-builder-content\" data-vertical-menu=750px><a href=\"http:\/\/przestrzendlaedukacji.org\/index.php\/dzialania\/\" class=\"ekit-menu-nav-link ekit-menu-dropdown-toggle\">Dzia\u0142ania<i aria-hidden=\"true\" class=\"icon icon-arrow-point-to-down elementskit-submenu-indicator\"><\/i><\/a>\n<ul class=\"elementskit-dropdown elementskit-submenu-panel\">\n\t<li id=\"menu-item-641\" class=\"menu-item menu-item-type-custom menu-item-object-custom menu-item-641 nav-item elementskit-mobile-builder-content\" data-vertical-menu=750px><a href=\"https:\/\/przestrzendlaedukacji.org\/index.php\/dzialania\/#opinie1\" class=\" dropdown-item\">Analizy<\/a><\/ul>\n<\/li>\n<li id=\"menu-item-654\" class=\"menu-item menu-item-type-post_type menu-item-object-page menu-item-has-children menu-item-654 nav-item elementskit-dropdown-has relative_position elementskit-dropdown-menu-default_width elementskit-mobile-builder-content\" data-vertical-menu=750px><a href=\"http:\/\/przestrzendlaedukacji.org\/index.php\/projekty\/\" class=\"ekit-menu-nav-link ekit-menu-dropdown-toggle\">Projekty<i aria-hidden=\"true\" class=\"icon icon-arrow-point-to-down elementskit-submenu-indicator\"><\/i><\/a>\n<ul class=\"elementskit-dropdown elementskit-submenu-panel\">\n\t<li id=\"menu-item-656\" class=\"menu-item menu-item-type-custom menu-item-object-custom menu-item-656 nav-item elementskit-mobile-builder-content\" data-vertical-menu=750px><a href=\"https:\/\/przestrzendlaedukacji.org\/index.php\/projekty\/#szkoladebaty1\" class=\" dropdown-item\">Szko\u0142a debaty<\/a>\t<li id=\"menu-item-657\" class=\"menu-item menu-item-type-custom menu-item-object-custom menu-item-657 nav-item elementskit-mobile-builder-content\" data-vertical-menu=750px><a href=\"https:\/\/przestrzendlaedukacji.org\/index.php\/projekty\/#konsultacje1\" class=\" dropdown-item\">Obywatelskie konsultacje<\/a><\/ul>\n<\/li>\n<li id=\"menu-item-648\" class=\"menu-item menu-item-type-post_type menu-item-object-page menu-item-648 nav-item elementskit-mobile-builder-content\" data-vertical-menu=750px><a href=\"http:\/\/przestrzendlaedukacji.org\/index.php\/kontakt\/\" class=\"ekit-menu-nav-link\">Kontakt<\/a><\/li>\n<li id=\"menu-item-647\" class=\"menu-item menu-item-type-post_type menu-item-object-page menu-item-647 nav-item elementskit-mobile-builder-content\" data-vertical-menu=750px><a href=\"http:\/\/przestrzendlaedukacji.org\/index.php\/wspieraj\/\" class=\"ekit-menu-nav-link\">Wspieraj<\/a><\/li>\n<\/ul><div class=\"elementskit-nav-identity-panel\">\n\t\t\t\t<div class=\"elementskit-site-title\">\n\t\t\t\t\t<a class=\"elementskit-nav-logo\" href=\"http:\/\/przestrzendlaedukacji.org\" target=\"_self\" rel=\"\">\n\t\t\t\t\t\t<img decoding=\"async\" src=\"\" title=\"\" alt=\"\" \/>\n\t\t\t\t\t<\/a> \n\t\t\t\t<\/div><button class=\"elementskit-menu-close elementskit-menu-toggler\" type=\"button\">X<\/button><\/div><\/div>\t\t\t\n\t\t\t<div class=\"elementskit-menu-overlay elementskit-menu-offcanvas-elements elementskit-menu-toggler ekit-nav-menu--overlay\"><\/div><\/div>\t\t<\/div>\n\t\t\t\t<\/div>\n\t\t\t\t\t<\/div>\n\t\t\t\t<\/div>\n\t\t\t\t<\/div>\n\t\t<\/div>\n\t\t\t\t<\/div>\n\t\t\t\t<\/div>\n\t\t\t\t<\/div>\n\t\t<div class=\"elementor-element elementor-element-d26cf3e e-flex e-con-boxed wpr-particle-no wpr-jarallax-no wpr-parallax-no wpr-sticky-section-no e-con e-parent\" data-id=\"d26cf3e\" data-element_type=\"container\" data-settings=\"{&quot;background_background&quot;:&quot;classic&quot;,&quot;_ha_eqh_enable&quot;:false}\" data-core-v316-plus=\"true\">\n\t\t\t\t\t<div class=\"e-con-inner\">\n\t\t\t\t<div class=\"elementor-element elementor-element-e959529 elementor-widget elementor-widget-menu-anchor\" data-id=\"e959529\" data-element_type=\"widget\" data-widget_type=\"menu-anchor.default\">\n\t\t\t\t<div class=\"elementor-widget-container\">\n\t\t\t<style>\/*! elementor - v3.20.0 - 10-04-2024 *\/\nbody.elementor-page .elementor-widget-menu-anchor{margin-bottom:0}<\/style>\t\t<div id=\"Opinie1\" class=\"elementor-menu-anchor\"><\/div>\n\t\t\t\t<\/div>\n\t\t\t\t<\/div>\n\t\t\t\t<div class=\"elementor-element elementor-element-23a73a8 elementor-widget elementor-widget-text-editor\" data-id=\"23a73a8\" data-element_type=\"widget\" data-widget_type=\"text-editor.default\">\n\t\t\t\t<div class=\"elementor-widget-container\">\n\t\t\t<style>\/*! elementor - v3.20.0 - 10-04-2024 *\/\n.elementor-widget-text-editor.elementor-drop-cap-view-stacked .elementor-drop-cap{background-color:#69727d;color:#fff}.elementor-widget-text-editor.elementor-drop-cap-view-framed .elementor-drop-cap{color:#69727d;border:3px solid;background-color:transparent}.elementor-widget-text-editor:not(.elementor-drop-cap-view-default) .elementor-drop-cap{margin-top:8px}.elementor-widget-text-editor:not(.elementor-drop-cap-view-default) .elementor-drop-cap-letter{width:1em;height:1em}.elementor-widget-text-editor .elementor-drop-cap{float:left;text-align:center;line-height:1;font-size:50px}.elementor-widget-text-editor .elementor-drop-cap-letter{display:inline-block}<\/style>\t\t\t\t<p><span style=\"font-size: 36pt; font-family: Georgia, Palatino;\">Analizy<\/span><\/p>\t\t\t\t\t\t<\/div>\n\t\t\t\t<\/div>\n\t\t\t\t<div class=\"elementor-element elementor-element-4edcdd2 elementor-widget elementor-widget-eael-post-timeline\" data-id=\"4edcdd2\" data-element_type=\"widget\" data-widget_type=\"eael-post-timeline.default\">\n\t\t\t\t<div class=\"elementor-widget-container\">\n\t\t\t<div id=\"eael-post-timeline-4edcdd2\" class=\"eael-post-timeline timeline-layout-default eael-post-timeline-arrow-\">\n            <div class=\"eael-post-timeline eael-post-appender eael-post-appender-4edcdd2\"><article class=\"eael-timeline-post eael-timeline-column\">\n    <div class=\"eael-timeline-bullet\"><\/div>\n    <div class=\"eael-timeline-post-inner\">\n        <a class=\"eael-timeline-post-link\" href=\"http:\/\/przestrzendlaedukacji.org\/index.php\/2024\/10\/11\/wyzwania-demografii-studium-dla-warszawskiej-dzielnicy-bialoleka\/\" title=\"Wyzwania demografii &#8211; studium dla warszawskiej dzielnicy Bia\u0142o\u0142\u0119ka\">\n            <time datetime=\"2024-10-11\">2024-10-11<\/time>\n            <div class=\"eael-timeline-post-image attachment-medium size-medium\" style=\"background-image: url(http:\/\/przestrzendlaedukacji.org\/wp-content\/uploads\/2024\/10\/szkola-hemara-300x113.jpg);\"><\/div><div class=\"eael-timeline-post-excerpt\"><p>Warszawska edukacja w obliczu wyzwa\u0144 demografii &#8211; studium nad dzielnic\u0105 Bia\u0142o\u0142\u0119ka Polska edukacja ju\u017c za kilka lat b\u0119dzie sta\u0142a w obliczu konieczno\u015bci reform strukturalnych z...<\/p><\/div><div class=\"eael-timeline-post-title\">\n                    <h2 class=\"eael-timeline-post-title-text\">Wyzwania demografii &#8211; studium dla warszawskiej dzielnicy Bia\u0142o\u0142\u0119ka<\/h2>\n                <\/div><\/a>\n    <\/div>\n<\/article><article class=\"eael-timeline-post eael-timeline-column\">\n    <div class=\"eael-timeline-bullet\"><\/div>\n    <div class=\"eael-timeline-post-inner\">\n        <a class=\"eael-timeline-post-link\" href=\"http:\/\/przestrzendlaedukacji.org\/index.php\/2021\/03\/20\/rekomendacje-do-krajowego-planu-odbudowy-umowy-partnerstwa-oraz-planow-krajowych-oraz-regionalnych\/\" title=\"Rekomendacje do Krajowego Planu Odbudowy, Umowy Partnerstwa oraz Plan\u00f3w Krajowych oraz Regionalnych\">\n            <time datetime=\"2021-03-20\">2021-03-20<\/time>\n            <div class=\"eael-timeline-post-image attachment-medium size-medium\" style=\"background-image: url(http:\/\/przestrzendlaedukacji.org\/wp-content\/uploads\/2021\/03\/gc582ogc3b3w-300x225.jpg);\"><\/div><div class=\"eael-timeline-post-excerpt\"><p>Rekomendacje do Krajowego Planu Odbudowy, Umowy Partnerstwa oraz Plan\u00f3w Krajowych oraz Regionalnych Krajowy Plan Odbudowy, Umowa Partnerstwa i powi\u0105zane z ni\u0105 programy krajowe oraz regionalne...<\/p><\/div><div class=\"eael-timeline-post-title\">\n                    <h2 class=\"eael-timeline-post-title-text\">Rekomendacje do Krajowego Planu Odbudowy, Umowy Partnerstwa oraz Plan\u00f3w Krajowych oraz Regionalnych<\/h2>\n                <\/div><\/a>\n    <\/div>\n<\/article><article class=\"eael-timeline-post eael-timeline-column\">\n    <div class=\"eael-timeline-bullet\"><\/div>\n    <div class=\"eael-timeline-post-inner\">\n        <a class=\"eael-timeline-post-link\" href=\"http:\/\/przestrzendlaedukacji.org\/index.php\/2016\/12\/01\/podstawa-programowa-czyli-biblia-polskiej-edukacji\/\" title=\"Podstawa programowa, czyli Biblia polskiej edukacji\">\n            <time datetime=\"2016-12-01\">2016-12-01<\/time>\n            <div class=\"eael-timeline-post-image attachment-medium size-medium\" style=\"background-image: url(http:\/\/przestrzendlaedukacji.org\/wp-content\/uploads\/2016\/12\/broken-toy-300x169.png);\"><\/div><div class=\"eael-timeline-post-excerpt\"><p>Podstawa programowa, czyli Biblia polskiej edukacji Dr Aleksandra Szyller, Iga Kazimierczyk Podstawa programowa stanowi obowi\u0105zkowy na danym etapie zestaw tre\u015bci nauczania i umiej\u0119tno\u015bci, kt\u00f3re nale\u017cy...<\/p><\/div><div class=\"eael-timeline-post-title\">\n                    <h2 class=\"eael-timeline-post-title-text\">Podstawa programowa, czyli Biblia polskiej edukacji<\/h2>\n                <\/div><\/a>\n    <\/div>\n<\/article><\/div>\n\t\t<\/div>\t\t<\/div>\n\t\t\t\t<\/div>\n\t\t\t\t\t<\/div>\n\t\t\t\t<\/div>\n\t\t<div class=\"elementor-element elementor-element-6cad663 e-flex e-con-boxed wpr-particle-no wpr-jarallax-no wpr-parallax-no wpr-sticky-section-no e-con e-parent\" data-id=\"6cad663\" data-element_type=\"container\" data-settings=\"{&quot;_ha_eqh_enable&quot;:false}\" data-core-v316-plus=\"true\">\n\t\t\t\t\t<div class=\"e-con-inner\">\n\t\t\t\t<div class=\"elementor-element elementor-element-721cc26 elementor-widget-tablet__width-initial elementor-widget elementor-widget-shortcode\" data-id=\"721cc26\" data-element_type=\"widget\" data-widget_type=\"shortcode.default\">\n\t\t\t\t<div class=\"elementor-widget-container\">\n\t\t\t\t\t<div class=\"elementor-shortcode\">\t\t<div data-elementor-type=\"wp-post\" data-elementor-id=\"782\" class=\"elementor elementor-782\">\n\t\t\t\t<div class=\"elementor-element elementor-element-59be014 e-con-full e-flex wpr-particle-no wpr-jarallax-no wpr-parallax-no e-con e-parent\" data-id=\"59be014\" data-element_type=\"container\" data-settings=\"{&quot;background_background&quot;:&quot;classic&quot;}\" data-core-v316-plus=\"true\">\n\t\t\t\t<div class=\"elementor-element elementor-element-a562a30 elementor-widget elementor-widget-image\" data-id=\"a562a30\" data-element_type=\"widget\" data-widget_type=\"image.default\">\n\t\t\t\t<div class=\"elementor-widget-container\">\n\t\t\t\t\t\t\t\t\t\t\t\t\t\t<a href=\"https:\/\/przestrzendlaedukacji.org\/\">\n\t\t\t\t\t\t\t<img decoding=\"async\" src=\"http:\/\/przestrzendlaedukacji.org\/wp-content\/uploads\/elementor\/thumbs\/pde-qk3to8fw1txqouwpk8mwaobbkelb2zngdsctiann9s.jpg\" title=\"\" alt=\"\" loading=\"lazy\" \/>\t\t\t\t\t\t\t\t<\/a>\n\t\t\t\t\t\t\t\t\t\t\t\t\t<\/div>\n\t\t\t\t<\/div>\n\t\t\t\t<div class=\"elementor-element elementor-element-3885d31 elementor-widget elementor-widget-text-editor\" data-id=\"3885d31\" data-element_type=\"widget\" data-widget_type=\"text-editor.default\">\n\t\t\t\t<div class=\"elementor-widget-container\">\n\t\t\t\t\t\t\t<p><strong>Adres:<\/strong> <br \/>ul. Antoniego J\u00f3zefa Madali\u0144skiego 23A\/69<br \/>02-513 Warszawa<\/p>\t\t\t\t\t\t<\/div>\n\t\t\t\t<\/div>\n\t\t\t\t<div class=\"elementor-element elementor-element-6b4a722 elementor-widget elementor-widget-text-editor\" data-id=\"6b4a722\" data-element_type=\"widget\" data-widget_type=\"text-editor.default\">\n\t\t\t\t<div class=\"elementor-widget-container\">\n\t\t\t\t\t\t\t<p>\u00a0\u00a0\u00a0\u00a0\u00a0 <\/p>\t\t\t\t\t\t<\/div>\n\t\t\t\t<\/div>\n\t\t\t\t<div class=\"elementor-element elementor-element-5b06ea9 elementor-widget elementor-widget-text-editor\" data-id=\"5b06ea9\" data-element_type=\"widget\" data-widget_type=\"text-editor.default\">\n\t\t\t\t<div class=\"elementor-widget-container\">\n\t\t\t\t\t\t\t<p><strong>KRS:<\/strong>\u00a00000588325<br \/><strong>NIP:<\/strong>\u00a05213713873<br \/><strong>Regon:<\/strong>\u00a0363090074<\/p>\t\t\t\t\t\t<\/div>\n\t\t\t\t<\/div>\n\t\t\t\t<\/div>\n\t\t<div class=\"elementor-element elementor-element-6fcdbef e-con-full e-flex wpr-particle-no wpr-jarallax-no wpr-parallax-no e-con e-parent\" data-id=\"6fcdbef\" data-element_type=\"container\" data-settings=\"{&quot;background_background&quot;:&quot;classic&quot;}\" data-core-v316-plus=\"true\">\n\t\t\t\t<div class=\"elementor-element elementor-element-4ec43e6 elementor-widget__width-initial elementor-widget elementor-widget-text-editor\" data-id=\"4ec43e6\" data-element_type=\"widget\" data-widget_type=\"text-editor.default\">\n\t\t\t\t<div class=\"elementor-widget-container\">\n\t\t\t\t\t\t\t<p>Copyright \u00a9 2024<\/p>\t\t\t\t\t\t<\/div>\n\t\t\t\t<\/div>\n\t\t\t\t<div class=\"elementor-element elementor-element-a92c84d elementor-widget elementor-widget-text-editor\" data-id=\"a92c84d\" data-element_type=\"widget\" data-widget_type=\"text-editor.default\">\n\t\t\t\t<div class=\"elementor-widget-container\">\n\t\t\t\t\t\t\t<p>\u00a0\u00a0\u00a0\u00a0\u00a0\u00a0\u00a0 .<\/p>\t\t\t\t\t\t<\/div>\n\t\t\t\t<\/div>\n\t\t\t\t<div class=\"elementor-element elementor-element-911cb05 elementor-widget__width-initial elementor-widget elementor-widget-text-editor\" data-id=\"911cb05\" data-element_type=\"widget\" data-widget_type=\"text-editor.default\">\n\t\t\t\t<div class=\"elementor-widget-container\">\n\t\t\t\t\t\t\t<p>Polityka prywatno\u015bci<\/p>\t\t\t\t\t\t<\/div>\n\t\t\t\t<\/div>\n\t\t\t\t<\/div>\n\t\t\t\t<\/div>\n\t\t<\/div>\n\t\t\t\t<\/div>\n\t\t\t\t<\/div>\n\t\t\t\t\t<\/div>\n\t\t\t\t<\/div>\n\t\t\t\t<\/div>\n\t\t","protected":false},"excerpt":{"rendered":"<p>Analizy 2024-10-11 Warszawska edukacja w obliczu wyzwa\u0144 demografii &#8211; studium nad dzielnic\u0105 Bia\u0142o\u0142\u0119ka Polska edukacja ju\u017c za kilka lat b\u0119dzie sta\u0142a w obliczu konieczno\u015bci reform strukturalnych z&#8230; Wyzwania demografii &#8211; studium dla warszawskiej dzielnicy Bia\u0142o\u0142\u0119ka 2021-03-20 Rekomendacje do Krajowego Planu Odbudowy, Umowy Partnerstwa oraz Plan\u00f3w Krajowych oraz Regionalnych Krajowy Plan Odbudowy, Umowa Partnerstwa i powi\u0105zane [&hellip;]<\/p>\n","protected":false},"author":1,"featured_media":0,"parent":0,"menu_order":0,"comment_status":"closed","ping_status":"closed","template":"elementor_header_footer","meta":{"_eb_attr":"","footnotes":""},"_links":{"self":[{"href":"http:\/\/przestrzendlaedukacji.org\/index.php\/wp-json\/wp\/v2\/pages\/635"}],"collection":[{"href":"http:\/\/przestrzendlaedukacji.org\/index.php\/wp-json\/wp\/v2\/pages"}],"about":[{"href":"http:\/\/przestrzendlaedukacji.org\/index.php\/wp-json\/wp\/v2\/types\/page"}],"author":[{"embeddable":true,"href":"http:\/\/przestrzendlaedukacji.org\/index.php\/wp-json\/wp\/v2\/users\/1"}],"replies":[{"embeddable":true,"href":"http:\/\/przestrzendlaedukacji.org\/index.php\/wp-json\/wp\/v2\/comments?post=635"}],"version-history":[{"count":94,"href":"http:\/\/przestrzendlaedukacji.org\/index.php\/wp-json\/wp\/v2\/pages\/635\/revisions"}],"predecessor-version":[{"id":1539,"href":"http:\/\/przestrzendlaedukacji.org\/index.php\/wp-json\/wp\/v2\/pages\/635\/revisions\/1539"}],"wp:attachment":[{"href":"http:\/\/przestrzendlaedukacji.org\/index.php\/wp-json\/wp\/v2\/media?parent=635"}],"curies":[{"name":"wp","href":"https:\/\/api.w.org\/{rel}","templated":true}]}}